{"id":259,"date":"2024-08-07T19:49:03","date_gmt":"2024-08-07T19:49:03","guid":{"rendered":"https:\/\/novosite.fagammon.edu.br\/?page_id=259"},"modified":"2024-09-17T20:03:49","modified_gmt":"2024-09-17T20:03:49","slug":"vestibular-2024-2","status":"publish","type":"page","link":"https:\/\/novosite.fagammon.edu.br\/index.php\/estude-aqui\/vestibular-2024-2\/","title":{"rendered":"Vestibular 2024\/2"},"content":{"rendered":"<div class=\"fusion-fullwidth fullwidth-box fusion-builder-row-1 fusion-flex-container has-pattern-background has-mask-background nonhundred-percent-fullwidth non-hundred-percent-height-scrolling\" style=\"--awb-border-radius-top-left:0px;--awb-border-radius-top-right:0px;--awb-border-radius-bottom-right:0px;--awb-border-radius-bottom-left:0px;--awb-flex-wrap:wrap;\" ><div class=\"fusion-builder-row fusion-row fusion-flex-align-items-flex-start fusion-flex-content-wrap\" style=\"max-width:1248px;margin-left: calc(-4% \/ 2 );margin-right: calc(-4% \/ 2 );\"><div class=\"fusion-layout-column fusion_builder_column fusion-builder-column-0 fusion_builder_column_1_1 1_1 fusion-flex-column\" style=\"--awb-bg-size:cover;--awb-width-large:100%;--awb-margin-top-large:0px;--awb-spacing-right-large:1.92%;--awb-margin-bottom-large:20px;--awb-spacing-left-large:1.92%;--awb-width-medium:100%;--awb-order-medium:0;--awb-spacing-right-medium:1.92%;--awb-spacing-left-medium:1.92%;--awb-width-small:100%;--awb-order-small:0;--awb-spacing-right-small:1.92%;--awb-spacing-left-small:1.92%;\"><div class=\"fusion-column-wrapper fusion-column-has-shadow fusion-flex-justify-content-flex-start fusion-content-layout-column\"><div class=\"fusion-image-element \" style=\"--awb-caption-title-font-family:var(--h2_typography-font-family);--awb-caption-title-font-weight:var(--h2_typography-font-weight);--awb-caption-title-font-style:var(--h2_typography-font-style);--awb-caption-title-size:var(--h2_typography-font-size);--awb-caption-title-transform:var(--h2_typography-text-transform);--awb-caption-title-line-height:var(--h2_typography-line-height);--awb-caption-title-letter-spacing:var(--h2_typography-letter-spacing);\"><span class=\" fusion-imageframe imageframe-none imageframe-1 hover-type-none\"><img decoding=\"async\" width=\"1680\" height=\"645\" title=\"Estude na Fagammon1 (1)\" src=\"https:\/\/novosite.fagammon.edu.br\/wp-content\/uploads\/2024\/09\/Estude-na-Fagammon1-1.jpg\" alt class=\"img-responsive wp-image-478\" srcset=\"https:\/\/novosite.fagammon.edu.br\/wp-content\/uploads\/2024\/09\/Estude-na-Fagammon1-1-200x77.jpg 200w, https:\/\/novosite.fagammon.edu.br\/wp-content\/uploads\/2024\/09\/Estude-na-Fagammon1-1-400x154.jpg 400w, https:\/\/novosite.fagammon.edu.br\/wp-content\/uploads\/2024\/09\/Estude-na-Fagammon1-1-600x230.jpg 600w, https:\/\/novosite.fagammon.edu.br\/wp-content\/uploads\/2024\/09\/Estude-na-Fagammon1-1-800x307.jpg 800w, https:\/\/novosite.fagammon.edu.br\/wp-content\/uploads\/2024\/09\/Estude-na-Fagammon1-1-1200x461.jpg 1200w, https:\/\/novosite.fagammon.edu.br\/wp-content\/uploads\/2024\/09\/Estude-na-Fagammon1-1.jpg 1680w\" sizes=\"(max-width: 640px) 100vw, 1200px\" \/><\/span><\/div><\/div><\/div><div class=\"fusion-layout-column fusion_builder_column fusion-builder-column-1 fusion_builder_column_1_2 1_2 fusion-flex-column\" style=\"--awb-bg-size:cover;--awb-width-large:50%;--awb-margin-top-large:0px;--awb-spacing-right-large:3.84%;--awb-margin-bottom-large:20px;--awb-spacing-left-large:3.84%;--awb-width-medium:50%;--awb-order-medium:0;--awb-spacing-right-medium:3.84%;--awb-spacing-left-medium:3.84%;--awb-width-small:100%;--awb-order-small:0;--awb-spacing-right-small:1.92%;--awb-spacing-left-small:1.92%;\"><div class=\"fusion-column-wrapper fusion-column-has-shadow fusion-flex-justify-content-flex-start fusion-content-layout-column\"><div class=\"fusion-title title fusion-title-1 fusion-sep-none fusion-title-center fusion-title-text fusion-title-size-three\"><h3 class=\"fusion-title-heading title-heading-center\" style=\"margin:0;\">Pronto para o desafio? \ud83d\ude09<\/h3><\/div><div class=\"fusion-text fusion-text-1\" style=\"--awb-text-font-family:&quot;Poppins&quot;;--awb-text-font-style:normal;--awb-text-font-weight:300;\"><ul>\n<li><strong>Inicie sua Jornada Acad\u00eamica na FAGAMMON:<\/strong> Uma das institui\u00e7\u00f5es mais respeitadas de Minas Gerais.<\/li>\n<li><strong>Educa\u00e7\u00e3o de Qualidade:<\/strong> Cursos variados e corpo docente experiente para preparar voc\u00ea para os desafios acad\u00eamicos e profissionais.<\/li>\n<li><strong>Ambiente Inovador:<\/strong> A tradi\u00e7\u00e3o encontra a inova\u00e7\u00e3o em um espa\u00e7o que apoia seu desenvolvimento integral.<\/li>\n<li><strong>Comunidade Vibrante:<\/strong> Fa\u00e7a parte de uma comunidade acad\u00eamica inclusiva e din\u00e2mica.<\/li>\n<\/ul>\n<\/div><\/div><\/div><div class=\"fusion-layout-column fusion_builder_column fusion-builder-column-2 fusion_builder_column_1_2 1_2 fusion-flex-column\" style=\"--awb-bg-size:cover;--awb-width-large:50%;--awb-margin-top-large:0px;--awb-spacing-right-large:3.84%;--awb-margin-bottom-large:20px;--awb-spacing-left-large:3.84%;--awb-width-medium:50%;--awb-order-medium:0;--awb-spacing-right-medium:3.84%;--awb-spacing-left-medium:3.84%;--awb-width-small:100%;--awb-order-small:0;--awb-spacing-right-small:1.92%;--awb-spacing-left-small:1.92%;\"><div class=\"fusion-column-wrapper fusion-column-has-shadow fusion-flex-justify-content-flex-start fusion-content-layout-column\"><div class=\"fusion-form fusion-form-builder fusion-form-form-wrapper fusion-form-262\" style=\"--awb-tooltip-text-color:#ffffff;--awb-tooltip-background-color:#333333;--awb-field-margin-top:15px;--awb-field-margin-bottom:15px;\" data-form-id=\"262\" data-config=\"{&quot;form_id&quot;:&quot;262&quot;,&quot;form_post_id&quot;:&quot;262&quot;,&quot;post_id&quot;:259,&quot;form_type&quot;:&quot;ajax&quot;,&quot;confirmation_type&quot;:&quot;&quot;,&quot;redirect_url&quot;:&quot;&quot;,&quot;field_labels&quot;:{&quot;nome&quot;:&quot;Nome&quot;,&quot;e-mail&quot;:&quot;E-mail&quot;,&quot;cpf&quot;:&quot;CPF&quot;,&quot;celular&quot;:&quot;Celular&quot;,&quot;curso&quot;:&quot;Qual curso pretende ingressar?&quot;,&quot;forma_de_ingresso&quot;:&quot;Qual sua forma de ingresso?&quot;,&quot;envie_sua_nota_do_enem&quot;:&quot;Envie sua nota do Enem&quot;,&quot;aceito_os_termos_e_condicoes&quot;:&quot;Aceito os termos e condi\\u00e7\\u00f5es.&quot;},&quot;field_logics&quot;:{&quot;nome&quot;:&quot;&quot;,&quot;e-mail&quot;:&quot;&quot;,&quot;cpf&quot;:&quot;&quot;,&quot;celular&quot;:&quot;&quot;,&quot;curso&quot;:&quot;&quot;,&quot;forma_de_ingresso&quot;:&quot;&quot;,&quot;envie_sua_nota_do_enem&quot;:&quot;&quot;,&quot;aceito_os_termos_e_condicoes&quot;:&quot;&quot;},&quot;field_types&quot;:{&quot;nome&quot;:&quot;text&quot;,&quot;e-mail&quot;:&quot;email&quot;,&quot;cpf&quot;:&quot;number&quot;,&quot;celular&quot;:&quot;phone_number&quot;,&quot;curso&quot;:&quot;select&quot;,&quot;forma_de_ingresso&quot;:&quot;select&quot;,&quot;envie_sua_nota_do_enem&quot;:&quot;upload&quot;,&quot;aceito_os_termos_e_condicoes&quot;:&quot;consent&quot;},&quot;nonce_method&quot;:&quot;ajax&quot;}\"><form action=\"https:\/\/novosite.fagammon.edu.br\/index.php\/estude-aqui\/vestibular-2024-2\/\" method=\"method\" class=\"fusion-form fusion-form-262\" enctype=\"multipart\/form-data\"><div class=\"fusion-fullwidth fullwidth-box fusion-builder-row-1-1 fusion-flex-container has-pattern-background has-mask-background nonhundred-percent-fullwidth non-hundred-percent-height-scrolling\" style=\"--awb-border-radius-top-left:0px;--awb-border-radius-top-right:0px;--awb-border-radius-bottom-right:0px;--awb-border-radius-bottom-left:0px;--awb-flex-wrap:wrap;\" ><div class=\"fusion-builder-row fusion-row fusion-flex-align-items-flex-start fusion-flex-content-wrap\" style=\"width:104% !important;max-width:104% !important;margin-left: calc(-4% \/ 2 );margin-right: calc(-4% \/ 2 );\"><div class=\"fusion-layout-column fusion_builder_column fusion-builder-column-3 fusion_builder_column_1_1 1_1 fusion-flex-column\" style=\"--awb-bg-size:cover;--awb-width-large:100%;--awb-margin-top-large:0px;--awb-spacing-right-large:1.92%;--awb-margin-bottom-large:20px;--awb-spacing-left-large:1.92%;--awb-width-medium:100%;--awb-order-medium:0;--awb-spacing-right-medium:1.92%;--awb-spacing-left-medium:1.92%;--awb-width-small:100%;--awb-order-small:0;--awb-spacing-right-small:1.92%;--awb-spacing-left-small:1.92%;\"><div class=\"fusion-column-wrapper fusion-column-has-shadow fusion-flex-justify-content-flex-start fusion-content-layout-column\"><div class=\"fusion-form-field fusion-form-text-field fusion-form-label-above\" style=\"\" data-form-id=\"262\"><div class=\"fusion-form-label-wrapper\"><label for=\"nome\">Nome <abbr class=\"fusion-form-element-required\" title=\"required\">*<\/abbr><\/label><\/div><div class=\"fusion-form-input-with-icon\"><i class=\"awb-form-icon fa-address-card fas\"><\/i><input type=\"text\" name=\"nome\" id=\"nome\" value=\"\"  class=\"fusion-form-input\" required=\"true\" aria-required=\"true\" placeholder=\"Seu nome completo*\" data-holds-private-data=\"false\" minlength=\"0\"\/><\/div><\/div><div class=\"fusion-form-field fusion-form-email-field fusion-form-label-above\" style=\"\" data-form-id=\"262\"><div class=\"fusion-form-label-wrapper\"><label for=\"e-mail\">E-mail <abbr class=\"fusion-form-element-required\" title=\"required\">*<\/abbr><\/label><\/div><div class=\"fusion-form-input-with-icon\"><i class=\"awb-form-icon fa-at fas\"><\/i><input type=\"email\" name=\"e-mail\" id=\"e-mail\" value=\"\"  class=\"fusion-form-input\" required=\"true\" aria-required=\"true\" placeholder=\"Seu melhor e-mail*\" data-holds-private-data=\"false\"\/><\/div><\/div><div class=\"fusion-form-field fusion-form-number-field fusion-form-label-above\" style=\"\" data-form-id=\"262\"><div class=\"fusion-form-label-wrapper\"><label for=\"cpf\">CPF <abbr class=\"fusion-form-element-required\" title=\"required\">*<\/abbr><\/label><\/div><div class=\"fusion-form-input-with-icon\"><i class=\"awb-form-icon fa-barcode fas\"><\/i><input type=\"number\" name=\"cpf\" id=\"cpf\" value=\"\"  class=\"fusion-form-input\" required=\"true\" aria-required=\"true\" placeholder=\"XXX.XXX.XXX-XX*\" data-holds-private-data=\"false\"\/><\/div><\/div><div class=\"fusion-form-field fusion-form-phone-number-field fusion-form-label-above\" style=\"\" data-form-id=\"262\"><div class=\"fusion-form-label-wrapper\"><label for=\"celular\">Celular <abbr class=\"fusion-form-element-required\" title=\"required\">*<\/abbr><\/label><\/div><div class=\"fusion-form-input-with-icon\"><i class=\"awb-form-icon fa-phone-alt fas\"><\/i><input type=\"tel\" name=\"celular\" id=\"celular\" value=\"\"  class=\"fusion-form-input\" required=\"true\" aria-required=\"true\" placeholder=\"(XX) XXXXX-XXXX*\" data-holds-private-data=\"false\"\/><\/div><\/div><div class=\"fusion-form-field fusion-form-select-field fusion-form-label-above\" style=\"\" data-form-id=\"262\"><label for=\"curso\">Qual curso pretende ingressar? <abbr class=\"fusion-form-element-required\" title=\"required\">*<\/abbr><\/label><div class=\"fusion-form-input-with-icon\"><i class=\" fa-book fas\"><\/i><div class=\"fusion-select-wrapper\"><select tabindex=\"\" id=\"curso\" name=\"curso\" class=\"fusion-form-input\" required=\"true\" aria-required=\"true\" data-holds-private-data=\"false\"><option value=\"\" disabled selected>Selecione o curso<\/option><option value=\"Educa\u00e7\u00e3o F\u00edsica\" >Educa\u00e7\u00e3o F\u00edsica<\/option><option value=\"Administra\u00e7\u00e3o\" >Administra\u00e7\u00e3o<\/option><option value=\"Pedagogia\" >Pedagogia<\/option><option value=\"Psicologia\" >Psicologia<\/option><option value=\"Sistemas de Informa\u00e7\u00e3o\" >Sistemas de Informa\u00e7\u00e3o<\/option><option value=\"Redes de Computadores\" >Redes de Computadores<\/option><\/select><div class=\"select-arrow\"><svg width=\"12\" height=\"8\" viewBox=\"0 0 12 8\" fill=\"none\" xmlns=\"http:\/\/www.w3.org\/2000\/svg\"> <path d=\"M1.5 1.75L6 6.25L10.5 1.75\" stroke=\"#6D6D6D\" stroke-width=\"2\" stroke-linecap=\"round\" stroke-linejoin=\"round\"\/> <\/svg><\/div><\/div><\/div><\/div><div class=\"fusion-form-field fusion-form-select-field fusion-form-label-above\" style=\"\" data-form-id=\"262\"><label for=\"forma_de_ingresso\">Qual sua forma de ingresso? <abbr class=\"fusion-form-element-required\" title=\"required\">*<\/abbr><\/label><div class=\"fusion-form-input-with-icon\"><i class=\" fa-chalkboard-teacher fas\"><\/i><div class=\"fusion-select-wrapper\"><select tabindex=\"\" id=\"forma_de_ingresso\" name=\"forma_de_ingresso\" class=\"fusion-form-input\" required=\"true\" aria-required=\"true\" data-holds-private-data=\"false\"><option value=\"\" disabled selected>Selecione a forma<\/option><option value=\"Transfer\u00eancia\" >Transfer\u00eancia<\/option><option value=\"Obten\u00e7\u00e3o de Novo T\u00edtulo\" >Obten\u00e7\u00e3o de Novo T\u00edtulo<\/option><option value=\"Enem\" >Enem<\/option><option value=\"Vestibular Fagammon\" >Vestibular Fagammon<\/option><\/select><div class=\"select-arrow\"><svg width=\"12\" height=\"8\" viewBox=\"0 0 12 8\" fill=\"none\" xmlns=\"http:\/\/www.w3.org\/2000\/svg\"> <path d=\"M1.5 1.75L6 6.25L10.5 1.75\" stroke=\"#6D6D6D\" stroke-width=\"2\" stroke-linecap=\"round\" stroke-linejoin=\"round\"\/> <\/svg><\/div><\/div><\/div><\/div><div class=\"fusion-form-field fusion-form-upload-field fusion-form-label-above\" style=\"\" data-form-id=\"262\"><label for=\"envie_sua_nota_do_enem\">Envie sua nota do Enem<\/label><div class=\"fusion-form-input-with-icon\"><i class=\" fa-upload fas\"><\/i><div class=\"fusion-form-upload-field-container\"><input type=\"file\" id=\"envie_sua_nota_do_enem\" name=\"envie_sua_nota_do_enem\" value=\"\"  class=\"fusion-form-input\" placeholder=\"Click or drag a file to this area to upload.\" data-size=\"2\"\/><input type=\"text\" disabled value=\"\" class=\"fusion-form-upload-field\"  placeholder=\"Click or drag a file to this area to upload.\" data-holds-private-data=\"false\"\/><div ><a class=\"fusion-button button-3d button-medium button-default fusion-button-default button-1 fusion-button-default-span fusion-button-default-type fusion-form-upload-field-button\" style=\"--button-border-radius-top-left:0px;--button-border-radius-top-right:0px;--button-border-radius-bottom-right:0px;--button-border-radius-bottom-left:0px;\" target=\"_self\" href=\"javascript:void();\"><span class=\"fusion-button-text\">Choose File<\/span><\/a><\/div><\/div><\/div><\/div><div class=\"fusion-form-field fusion-form-consent-field fusion-form-label-above\" style=\"\" data-form-id=\"262\"><div class=\"fusion-form-label-wrapper\"><label for=\"aceito_os_termos_e_condicoes\">Aceito os termos e condi\u00e7\u00f5es.<\/label><\/div><p><\/p><input name=\"aceito_os_termos_e_condicoes\" type=\"hidden\" value=\"1\"\/><\/div><\/div><\/div><\/div><\/div><\/form><\/div><\/div><\/div><\/div><\/div>\n","protected":false},"excerpt":{"rendered":"","protected":false},"author":1,"featured_media":0,"parent":23,"menu_order":0,"comment_status":"closed","ping_status":"closed","template":"100-width.php","meta":{"footnotes":""},"class_list":["post-259","page","type-page","status-publish","hentry"],"_links":{"self":[{"href":"https:\/\/novosite.fagammon.edu.br\/index.php\/wp-json\/wp\/v2\/pages\/259","targetHints":{"allow":["GET"]}}],"collection":[{"href":"https:\/\/novosite.fagammon.edu.br\/index.php\/wp-json\/wp\/v2\/pages"}],"about":[{"href":"https:\/\/novosite.fagammon.edu.br\/index.php\/wp-json\/wp\/v2\/types\/page"}],"author":[{"embeddable":true,"href":"https:\/\/novosite.fagammon.edu.br\/index.php\/wp-json\/wp\/v2\/users\/1"}],"replies":[{"embeddable":true,"href":"https:\/\/novosite.fagammon.edu.br\/index.php\/wp-json\/wp\/v2\/comments?post=259"}],"version-history":[{"count":4,"href":"https:\/\/novosite.fagammon.edu.br\/index.php\/wp-json\/wp\/v2\/pages\/259\/revisions"}],"predecessor-version":[{"id":479,"href":"https:\/\/novosite.fagammon.edu.br\/index.php\/wp-json\/wp\/v2\/pages\/259\/revisions\/479"}],"up":[{"embeddable":true,"href":"https:\/\/novosite.fagammon.edu.br\/index.php\/wp-json\/wp\/v2\/pages\/23"}],"wp:attachment":[{"href":"https:\/\/novosite.fagammon.edu.br\/index.php\/wp-json\/wp\/v2\/media?parent=259"}],"curies":[{"name":"wp","href":"https:\/\/api.w.org\/{rel}","templated":true}]}}